{"id":52,"date":"2015-08-12T17:43:23","date_gmt":"2015-08-12T15:43:23","guid":{"rendered":"http:\/\/www.stawczyk.com.pl\/?page_id=52"},"modified":"2015-08-17T18:18:48","modified_gmt":"2015-08-17T16:18:48","slug":"terapia","status":"publish","type":"page","link":"http:\/\/www.stawczyk.com.pl\/?page_id=52","title":{"rendered":"Oferta gabinetu"},"content":{"rendered":"<p><a href=\"http:\/\/www.stawczyk.com.pl\/wp-content\/uploads\/2015\/08\/DSC_86301-e1439483670430.jpg\"><img loading=\"lazy\" decoding=\"async\" class=\"alignnone size-full wp-image-88\" src=\"http:\/\/www.stawczyk.com.pl\/wp-content\/uploads\/2015\/08\/DSC_86301-e1439483670430.jpg\" alt=\"DSC_8630\" width=\"1923\" height=\"891\" srcset=\"http:\/\/www.stawczyk.com.pl\/wp-content\/uploads\/2015\/08\/DSC_86301-e1439483670430.jpg 1923w, http:\/\/www.stawczyk.com.pl\/wp-content\/uploads\/2015\/08\/DSC_86301-e1439483670430-300x139.jpg 300w, http:\/\/www.stawczyk.com.pl\/wp-content\/uploads\/2015\/08\/DSC_86301-e1439483670430-1024x474.jpg 1024w\" sizes=\"auto, (max-width: 1923px) 100vw, 1923px\" \/><\/a><\/p>\n<p><strong>Doro\u015bli:<\/strong><\/p>\n<ul>\n<li>b\u00f3le kr\u0119gos\u0142upa (m. in. dyskopatia, rwa kulszowa, lumbago, rwa ramienna, kr\u0119cz szyi)<\/li>\n<li>b\u00f3le staw\u00f3w (zmiany zwyrodnieniowe, stany pourazowe, zaburzenia funkcji, zesp\u00f3\u0142 bolesnego barku, b\u00f3le staw\u00f3w biodrowych, kolanowych, itd.)<\/li>\n<li>stany zapalne tkanek (\u0142okie\u0107 tenisisty, \u0142okie\u0107 golfisty, zapalenie \u015bci\u0119gna Achillesa, ostroga pi\u0119towa, inne)<\/li>\n<li>stany pooperacyjne (m.in. po operacjach kr\u0119gos\u0142upa, endoprotezoplastykach, artroskopiach)<\/li>\n<li>urazy zwi\u0105zane z wypadkami komunikacyjnymi<\/li>\n<li>urazy, st\u0142uczenia ko\u015bci krzy\u017cowej i guzicznej<\/li>\n<li>urazy sportowe i przeci\u0105\u017cenia (wi\u0119zade\u0142, \u015bci\u0119gien, naderwania mi\u0119\u015bni, inne)<\/li>\n<li>zesp\u00f3\u0142 cie\u015bni nadgarstka<\/li>\n<li>b\u00f3le kr\u0119gos\u0142upa u kobiet w ci\u0105\u017cy<\/li>\n<li>b\u00f3le i zawroty g\u0142owy<\/li>\n<li>migrenowe b\u00f3le g\u0142owy<\/li>\n<li>funkcjonalne zaburzenia pracy przewodu pokarmowego<\/li>\n<li>b\u00f3le brzucha, zaparcia<\/li>\n<li>b\u00f3le w klatce piersiowej (po wykluczeniu chor\u00f3b serca i p\u0142uc)<\/li>\n<li>reflux \u017co\u0142\u0105dkowo \u2013 prze\u0142ykowy, zgaga<\/li>\n<li>zaburzenia pracy uk\u0142adu limfatycznego (obrz\u0119ki)<\/li>\n<li>r\u00f3wnowa\u017cenia napi\u0119\u0107 w obr\u0119bie miednicy jako przygotowanie do porodu jak i terapia w okresie po\u0142ogu \u2013 przywracanie prawid\u0142owych ustawie\u0144 ko\u015bci miednicy i normalizacja napi\u0119\u0107<\/li>\n<\/ul>\n<p>&nbsp;<\/p>\n<p><strong>Dzieci:<\/strong><\/p>\n<ul>\n<li>zaburzenia napi\u0119cia mi\u0119\u015bniowego u niemowl\u0105t<\/li>\n<li>ulewania, kolki<\/li>\n<li>zaburzenia integracji u dzieci, nadpobudliwo\u015b\u0107<\/li>\n<li>zaburzenia snu<\/li>\n<li>astma<\/li>\n<li>nawracaj\u0105ce zapalenia ucha \u015brodkowego<\/li>\n<li>stany zapalne zatok<\/li>\n<li>b\u00f3le g\u0142owy<\/li>\n<li>zaburzenia mowy<\/li>\n<li>stany pourazowe<\/li>\n<li>zapalenia oskrzeli, p\u0142uc<\/li>\n<li>asymetria g\u0142owy<\/li>\n<li>kr\u0119cz szyji<\/li>\n<li>zaburzenia ssania<\/li>\n<li>trudny por\u00f3d (m.in. cesarskie ci\u0119cie, vacuum)<\/li>\n<li>b\u00f3le kr\u0119gos\u0142upa, staw\u00f3w, wady postawy i wiele innych<\/li>\n<\/ul>\n","protected":false},"excerpt":{"rendered":"<p>Doro\u015bli: b\u00f3le kr\u0119gos\u0142upa (m. in. dyskopatia, rwa kulszowa, lumbago, rwa ramienna, kr\u0119cz szyi) b\u00f3le staw\u00f3w (zmiany zwyrodnieniowe, stany pourazowe, zaburzenia funkcji, zesp\u00f3\u0142 bolesnego barku, b\u00f3le staw\u00f3w biodrowych, kolanowych, itd.) stany zapalne tkanek (\u0142okie\u0107 tenisisty, \u0142okie\u0107 golfisty, zapalenie \u015bci\u0119gna Achillesa, ostroga pi\u0119towa, inne) stany pooperacyjne (m.in. po operacjach kr\u0119gos\u0142upa, endoprotezoplastykach, artroskopiach) urazy zwi\u0105zane z wypadkami komunikacyjnymi&#8230;<\/p>\n","protected":false},"author":1,"featured_media":65,"parent":0,"menu_order":0,"comment_status":"closed","ping_status":"open","template":"","meta":{"footnotes":""},"class_list":["post-52","page","type-page","status-publish","has-post-thumbnail","hentry"],"_links":{"self":[{"href":"http:\/\/www.stawczyk.com.pl\/index.php?rest_route=\/wp\/v2\/pages\/52","targetHints":{"allow":["GET"]}}],"collection":[{"href":"http:\/\/www.stawczyk.com.pl\/index.php?rest_route=\/wp\/v2\/pages"}],"about":[{"href":"http:\/\/www.stawczyk.com.pl\/index.php?rest_route=\/wp\/v2\/types\/page"}],"author":[{"embeddable":true,"href":"http:\/\/www.stawczyk.com.pl\/index.php?rest_route=\/wp\/v2\/users\/1"}],"replies":[{"embeddable":true,"href":"http:\/\/www.stawczyk.com.pl\/index.php?rest_route=%2Fwp%2Fv2%2Fcomments&post=52"}],"version-history":[{"count":7,"href":"http:\/\/www.stawczyk.com.pl\/index.php?rest_route=\/wp\/v2\/pages\/52\/revisions"}],"predecessor-version":[{"id":126,"href":"http:\/\/www.stawczyk.com.pl\/index.php?rest_route=\/wp\/v2\/pages\/52\/revisions\/126"}],"wp:featuredmedia":[{"embeddable":true,"href":"http:\/\/www.stawczyk.com.pl\/index.php?rest_route=\/wp\/v2\/media\/65"}],"wp:attachment":[{"href":"http:\/\/www.stawczyk.com.pl\/index.php?rest_route=%2Fwp%2Fv2%2Fmedia&parent=52"}],"curies":[{"name":"wp","href":"https:\/\/api.w.org\/{rel}","templated":true}]}}