{"id":48,"date":"2015-08-12T17:41:39","date_gmt":"2015-08-12T15:41:39","guid":{"rendered":"http:\/\/www.stawczyk.com.pl\/?page_id=48"},"modified":"2015-08-14T10:21:34","modified_gmt":"2015-08-14T08:21:34","slug":"osteopatia","status":"publish","type":"page","link":"http:\/\/www.stawczyk.com.pl\/?page_id=48","title":{"rendered":"Osteopatia"},"content":{"rendered":"<p><a href=\"http:\/\/www.stawczyk.com.pl\/wp-content\/uploads\/2015\/08\/DSC_86631-e1439483287510.jpg\"><img loading=\"lazy\" decoding=\"async\" class=\"alignnone size-full wp-image-81\" src=\"http:\/\/www.stawczyk.com.pl\/wp-content\/uploads\/2015\/08\/DSC_86631-e1439483287510.jpg\" alt=\"DSC_8663\" width=\"1925\" height=\"890\" srcset=\"http:\/\/www.stawczyk.com.pl\/wp-content\/uploads\/2015\/08\/DSC_86631-e1439483287510.jpg 1925w, http:\/\/www.stawczyk.com.pl\/wp-content\/uploads\/2015\/08\/DSC_86631-e1439483287510-300x139.jpg 300w, http:\/\/www.stawczyk.com.pl\/wp-content\/uploads\/2015\/08\/DSC_86631-e1439483287510-1024x473.jpg 1024w\" sizes=\"auto, (max-width: 1925px) 100vw, 1925px\" \/><\/a><\/p>\n<p><strong>Osteopatia to dziedzina medycyny, kt\u00f3ra traktuje cz\u0142owieka jako ca\u0142o\u015b\u0107, dla kt\u00f3rej pacjent to psychofizyczna jedno\u015b\u0107, a nie jednostka chorobowa.<\/strong><\/p>\n<p>Problem z jakim przychodzi pacjent jest dla osteopaty wyrazem g\u0142\u0119bszych zaburze\u0144 i ukazuje zachwianie naturalnej r\u00f3wnowagi, kt\u00f3ra powinna panowa\u0107 w ciele. Osteopata likwiduj\u0105c panuj\u0105ce w ciele zaburzenia (tkankowe, stawowe) przywraca stan dynamicznej r\u00f3wnowagi i tym samym pobudza naturalne mechanizmy samoleczenia i autoregulacji.<\/p>\n<p>Narz\u0119dziem pracy osteopaty s\u0105 jego r\u0119ce. U\u017cywaj\u0105c delikatnych i bezbolesnych technik manualnych rozlu\u017ania tkanki, przywraca ruchomo\u015b\u0107 stawow\u0105 i tkankow\u0105, poprawia drena\u017c \u017cylno &#8211; limfatyczny. Najwa\u017cniejsze jednak jest to, \u017ce osteopata poszukuje. Nie koncentruje sie jedynie na bol\u0105cym miejscu, ale szuka przyczyny, kt\u00f3ra sprawi\u0142a, \u017ce b\u00f3l si\u0119 pojawi\u0142. Aby j\u0105 odnale\u017a\u0107 przeprowadza szczeg\u00f3\u0142owy wywiad, analizuje wyniki bada\u0144 i wykonuje testy kliniczne.<br \/>\nJako \u017ce osteopatia postrzega pacjenta ca\u0142o\u015bciowo, w trakcie terapii osteopata pracuje cz\u0119sto na strukturach bardzo odleg\u0142ych od miejsca b\u00f3lu i cz\u0119sto wydawa\u0107 by si\u0119 mog\u0142o zupe\u0142nie nie zwi\u0105zanych z problemem pacjenta.<\/p>\n","protected":false},"excerpt":{"rendered":"<p>Osteopatia to dziedzina medycyny, kt\u00f3ra traktuje cz\u0142owieka jako ca\u0142o\u015b\u0107, dla kt\u00f3rej pacjent to psychofizyczna jedno\u015b\u0107, a nie jednostka chorobowa. Problem z jakim przychodzi pacjent jest dla osteopaty wyrazem g\u0142\u0119bszych zaburze\u0144 i ukazuje zachwianie naturalnej r\u00f3wnowagi, kt\u00f3ra powinna panowa\u0107 w ciele. Osteopata likwiduj\u0105c panuj\u0105ce w ciele zaburzenia (tkankowe, stawowe) przywraca stan dynamicznej r\u00f3wnowagi i tym samym&#8230;<\/p>\n","protected":false},"author":1,"featured_media":64,"parent":0,"menu_order":0,"comment_status":"closed","ping_status":"open","template":"","meta":{"footnotes":""},"class_list":["post-48","page","type-page","status-publish","has-post-thumbnail","hentry"],"_links":{"self":[{"href":"http:\/\/www.stawczyk.com.pl\/index.php?rest_route=\/wp\/v2\/pages\/48","targetHints":{"allow":["GET"]}}],"collection":[{"href":"http:\/\/www.stawczyk.com.pl\/index.php?rest_route=\/wp\/v2\/pages"}],"about":[{"href":"http:\/\/www.stawczyk.com.pl\/index.php?rest_route=\/wp\/v2\/types\/page"}],"author":[{"embeddable":true,"href":"http:\/\/www.stawczyk.com.pl\/index.php?rest_route=\/wp\/v2\/users\/1"}],"replies":[{"embeddable":true,"href":"http:\/\/www.stawczyk.com.pl\/index.php?rest_route=%2Fwp%2Fv2%2Fcomments&post=48"}],"version-history":[{"count":5,"href":"http:\/\/www.stawczyk.com.pl\/index.php?rest_route=\/wp\/v2\/pages\/48\/revisions"}],"predecessor-version":[{"id":83,"href":"http:\/\/www.stawczyk.com.pl\/index.php?rest_route=\/wp\/v2\/pages\/48\/revisions\/83"}],"wp:featuredmedia":[{"embeddable":true,"href":"http:\/\/www.stawczyk.com.pl\/index.php?rest_route=\/wp\/v2\/media\/64"}],"wp:attachment":[{"href":"http:\/\/www.stawczyk.com.pl\/index.php?rest_route=%2Fwp%2Fv2%2Fmedia&parent=48"}],"curies":[{"name":"wp","href":"https:\/\/api.w.org\/{rel}","templated":true}]}}